{"id":174,"date":"2025-04-20T03:17:00","date_gmt":"2025-04-20T03:17:00","guid":{"rendered":"https:\/\/www.ctilevmarc.net.pe\/wp\/?post_type=product&#038;p=174"},"modified":"2025-05-03T02:43:04","modified_gmt":"2025-05-03T02:43:04","slug":"notebook-hp-14","status":"publish","type":"product","link":"https:\/\/www.ctilevmarc.net.pe\/wp\/?product=notebook-hp-14","title":{"rendered":"Notebook HP 14"},"content":{"rendered":"<h2>NB HP 14 U5 16 512 W11<\/h2>\n<p>512GB SSD M.2 PCIe NVMe, Video Integrado Intel Arc, Wireless LAN Realtek Wi-Fi 6 802.11ax (2&#215;2) + Bluetooth 5.3, Audio \/ 2-Parlantes, C\u00e1mara HP TrueVision de 720p HD con reducci\u00f3n de ruido temporal y micr\u00f3fonos digitales de matriz dual integrados, Color Aluminio de color plata natural, Bater\u00eda de pol\u00edmero de iones de litio de 3 celdas y 41 Wh<br \/>\nSistema Operativo Windows 11 Home SL, 64-bits en espa\u00f1ol.<\/p>\n<h2>Consideraciones<\/h2>\n<p>Tipo de Producto : Producto Final<\/p>\n<p>Tipo Operatividad : (NV) Nuevo<\/p>\n","protected":false},"excerpt":{"rendered":"<p>NB HP 14 U5 16 512 W11 512GB SSD M.2 PCIe NVMe, Video Integrado Intel Arc, Wireless LAN Realtek Wi-Fi 6 802.11ax (2&#215;2) + Bluetooth 5.3, Audio \/ 2-Parlantes, C\u00e1mara HP TrueVision de 720p HD con reducci\u00f3n de ruido temporal y micr\u00f3fonos digitales de matriz dual integrados, Color Aluminio de color plata natural, Bater\u00eda de [&hellip;]<\/p>\n","protected":false},"featured_media":175,"comment_status":"open","ping_status":"closed","template":"","meta":[],"product_brand":[24],"product_cat":[30],"product_tag":[],"class_list":{"0":"post-174","1":"product","2":"type-product","3":"status-publish","4":"has-post-thumbnail","6":"product_brand-hp","7":"product_cat-core-i5-laptops","9":"first","10":"instock","11":"sale","12":"purchasable","13":"product-type-simple"},"jetpack_sharing_enabled":true,"_links":{"self":[{"href":"https:\/\/www.ctilevmarc.net.pe\/wp\/index.php?rest_route=\/wp\/v2\/product\/174","targetHints":{"allow":["GET"]}}],"collection":[{"href":"https:\/\/www.ctilevmarc.net.pe\/wp\/index.php?rest_route=\/wp\/v2\/product"}],"about":[{"href":"https:\/\/www.ctilevmarc.net.pe\/wp\/index.php?rest_route=\/wp\/v2\/types\/product"}],"replies":[{"embeddable":true,"href":"https:\/\/www.ctilevmarc.net.pe\/wp\/index.php?rest_route=%2Fwp%2Fv2%2Fcomments&post=174"}],"wp:featuredmedia":[{"embeddable":true,"href":"https:\/\/www.ctilevmarc.net.pe\/wp\/index.php?rest_route=\/wp\/v2\/media\/175"}],"wp:attachment":[{"href":"https:\/\/www.ctilevmarc.net.pe\/wp\/index.php?rest_route=%2Fwp%2Fv2%2Fmedia&parent=174"}],"wp:term":[{"taxonomy":"product_brand","embeddable":true,"href":"https:\/\/www.ctilevmarc.net.pe\/wp\/index.php?rest_route=%2Fwp%2Fv2%2Fproduct_brand&post=174"},{"taxonomy":"product_cat","embeddable":true,"href":"https:\/\/www.ctilevmarc.net.pe\/wp\/index.php?rest_route=%2Fwp%2Fv2%2Fproduct_cat&post=174"},{"taxonomy":"product_tag","embeddable":true,"href":"https:\/\/www.ctilevmarc.net.pe\/wp\/index.php?rest_route=%2Fwp%2Fv2%2Fproduct_tag&post=174"}],"curies":[{"name":"wp","href":"https:\/\/api.w.org\/{rel}","templated":true}]}}