{"id":166,"date":"2025-04-20T03:00:49","date_gmt":"2025-04-20T03:00:49","guid":{"rendered":"https:\/\/www.ctilevmarc.net.pe\/wp\/?post_type=product&#038;p=166"},"modified":"2025-05-03T02:47:56","modified_gmt":"2025-05-03T02:47:56","slug":"notebook-hp-15","status":"publish","type":"product","link":"https:\/\/www.ctilevmarc.net.pe\/wp\/?product=notebook-hp-15","title":{"rendered":"NB HP 15 I5-12 16 512 FREE"},"content":{"rendered":"<h2>NB HP 15 I5-12 16 512 FREE<\/h2>\n<p>512GB M.2 SSD PCIe NVMe, Video Integrado Intel Iris X\u1d49 Graphics, Altavoces dobles, WLAN Realtek Wi-Fi 6 (2&#215;2) + Bluetooth 5.3, C\u00e1mara HP True Vision 720p HD con reducci\u00f3n de ruido temporal y micr\u00f3fonos digitales de matriz dual integrados, Teclado gris suave de tama\u00f1o completo con teclado num\u00e9rico, Bateria de iones de litio de 3 celdas y 41 Wh, Adaptador de alimentaci\u00f3n de CA inteligente de 45 W.<br \/>\nSistema operativo FreeDOS 3.0.<\/p>\n<h2>Consideraciones<\/h2>\n<p>Tipo de Producto : Producto Final<\/p>\n<p>Tipo Operatividad : (NV) Nuevo<\/p>\n","protected":false},"excerpt":{"rendered":"<p>NB HP 15 I5-12 16 512 FREE 512GB M.2 SSD PCIe NVMe, Video Integrado Intel Iris X\u1d49 Graphics, Altavoces dobles, WLAN Realtek Wi-Fi 6 (2&#215;2) + Bluetooth 5.3, C\u00e1mara HP True Vision 720p HD con reducci\u00f3n de ruido temporal y micr\u00f3fonos digitales de matriz dual integrados, Teclado gris suave de tama\u00f1o completo con teclado num\u00e9rico, [&hellip;]<\/p>\n","protected":false},"featured_media":167,"comment_status":"open","ping_status":"closed","template":"","meta":[],"product_brand":[24],"product_cat":[30],"product_tag":[],"class_list":{"0":"post-166","1":"product","2":"type-product","3":"status-publish","4":"has-post-thumbnail","6":"product_brand-hp","7":"product_cat-core-i5-laptops","9":"first","10":"instock","11":"purchasable","12":"product-type-simple"},"jetpack_sharing_enabled":true,"_links":{"self":[{"href":"https:\/\/www.ctilevmarc.net.pe\/wp\/index.php?rest_route=\/wp\/v2\/product\/166","targetHints":{"allow":["GET"]}}],"collection":[{"href":"https:\/\/www.ctilevmarc.net.pe\/wp\/index.php?rest_route=\/wp\/v2\/product"}],"about":[{"href":"https:\/\/www.ctilevmarc.net.pe\/wp\/index.php?rest_route=\/wp\/v2\/types\/product"}],"replies":[{"embeddable":true,"href":"https:\/\/www.ctilevmarc.net.pe\/wp\/index.php?rest_route=%2Fwp%2Fv2%2Fcomments&post=166"}],"wp:featuredmedia":[{"embeddable":true,"href":"https:\/\/www.ctilevmarc.net.pe\/wp\/index.php?rest_route=\/wp\/v2\/media\/167"}],"wp:attachment":[{"href":"https:\/\/www.ctilevmarc.net.pe\/wp\/index.php?rest_route=%2Fwp%2Fv2%2Fmedia&parent=166"}],"wp:term":[{"taxonomy":"product_brand","embeddable":true,"href":"https:\/\/www.ctilevmarc.net.pe\/wp\/index.php?rest_route=%2Fwp%2Fv2%2Fproduct_brand&post=166"},{"taxonomy":"product_cat","embeddable":true,"href":"https:\/\/www.ctilevmarc.net.pe\/wp\/index.php?rest_route=%2Fwp%2Fv2%2Fproduct_cat&post=166"},{"taxonomy":"product_tag","embeddable":true,"href":"https:\/\/www.ctilevmarc.net.pe\/wp\/index.php?rest_route=%2Fwp%2Fv2%2Fproduct_tag&post=166"}],"curies":[{"name":"wp","href":"https:\/\/api.w.org\/{rel}","templated":true}]}}