{"id":183,"date":"2025-04-22T04:53:34","date_gmt":"2025-04-22T04:53:34","guid":{"rendered":"https:\/\/www.ctilevmarc.net.pe\/wp\/?page_id=183"},"modified":"2025-04-30T05:56:34","modified_gmt":"2025-04-30T05:56:34","slug":"elementor-183","status":"publish","type":"page","link":"https:\/\/www.ctilevmarc.net.pe\/wp\/?page_id=183","title":{"rendered":"\u00bfQui\u00e9nes somos?"},"content":{"rendered":"\t\t<div data-elementor-type=\"wp-page\" data-elementor-id=\"183\" class=\"elementor elementor-183\">\n\t\t\t\t<div class=\"elementor-element elementor-element-1e583fb e-flex e-con-boxed e-con e-parent\" data-id=\"1e583fb\" data-element_type=\"container\">\n\t\t\t\t\t<div class=\"e-con-inner\">\n\t\t\t\t<div class=\"elementor-element elementor-element-6785b21 elementor-widget elementor-widget-heading\" data-id=\"6785b21\" data-element_type=\"widget\" data-widget_type=\"heading.default\">\n\t\t\t\t<div class=\"elementor-widget-container\">\n\t\t\t\t\t<h2 class=\"elementor-heading-title elementor-size-default\">\u00bfQui\u00e9nes somos?<\/h2>\t\t\t\t<\/div>\n\t\t\t\t<\/div>\n\t\t\t\t\t<\/div>\n\t\t\t\t<\/div>\n\t\t<div class=\"elementor-element elementor-element-3496889 e-flex e-con-boxed e-con e-parent\" data-id=\"3496889\" data-element_type=\"container\">\n\t\t\t\t\t<div class=\"e-con-inner\">\n\t\t\t\t<div class=\"elementor-element elementor-element-8911c1b elementor-drop-cap-yes elementor-drop-cap-view-default elementor-widget elementor-widget-text-editor\" data-id=\"8911c1b\" data-element_type=\"widget\" data-settings=\"{&quot;drop_cap&quot;:&quot;yes&quot;}\" data-widget_type=\"text-editor.default\">\n\t\t\t\t<div class=\"elementor-widget-container\">\n\t\t\t\t\t\t\t\t\t<p>LevMarc.EIRL es una empresa especializada en la venta de tecnolog\u00edas de computaci\u00f3n, enfocada en brindar soluciones eficientes e innovadoras para empresas y profesionales. Nos adaptamos a las \u00faltimas tendencias del mercado, ofreciendo equipos de alto rendimiento, soporte t\u00e9cnico personalizado y asesor\u00eda tecnol\u00f3gica integral. Apostamos por la transformaci\u00f3n digital como motor del crecimiento empresarial. Nuestra propuesta combina calidad, confiabilidad y tecnolog\u00eda de vanguardia. En LevMarc.EIRL, conectamos tu presente con el futuro digital.<\/p><p>Estamos ubicados en la ciudad de Bagua Grande &#8211; Regi\u00f3n Amazonas &#8211; Per\u00fa.<\/p><p>\u00a0<\/p>\t\t\t\t\t\t\t\t<\/div>\n\t\t\t\t<\/div>\n\t\t\t\t\t<\/div>\n\t\t\t\t<\/div>\n\t\t<div class=\"elementor-element elementor-element-7649baa e-flex e-con-boxed e-con e-parent\" data-id=\"7649baa\" data-element_type=\"container\">\n\t\t\t\t\t<div class=\"e-con-inner\">\n\t\t\t\t<div class=\"elementor-element elementor-element-ec97c4a elementor-widget elementor-widget-text-editor\" data-id=\"ec97c4a\" data-element_type=\"widget\" data-widget_type=\"text-editor.default\">\n\t\t\t\t<div class=\"elementor-widget-container\">\n\t\t\t\t\t\t\t\t\t<h2 data-start=\"241\" data-end=\"257\"><span style=\"text-decoration: underline;\"><strong data-start=\"245\" data-end=\"255\">Misi\u00f3n<\/strong><\/span><\/h2><p class=\"\" data-start=\"258\" data-end=\"615\">Brindar soluciones tecnol\u00f3gicas integrales y de alta calidad a personas naturales, empresas y profesionales de la regi\u00f3n Amazonas y del pa\u00eds, mediante la comercializaci\u00f3n de equipos de computaci\u00f3n, soporte t\u00e9cnico especializado, asesor\u00eda tecnol\u00f3gica y capacitaci\u00f3n personalizada, contribuyendo activamente al proceso de transformaci\u00f3n digital y al desarrollo sostenible de nuestros clientes.<\/p><hr class=\"\" data-start=\"617\" data-end=\"620\" \/><h2 data-start=\"622\" data-end=\"638\"><span style=\"text-decoration: underline;\"><strong data-start=\"626\" data-end=\"636\">Visi\u00f3n<\/strong><\/span><\/h2><p class=\"\" data-start=\"639\" data-end=\"915\">Ser la empresa l\u00edder en soluciones tecnol\u00f3gicas en el nororiente peruano, reconocida por su innovaci\u00f3n, compromiso con el cliente y aporte al crecimiento digital de las organizaciones, consolid\u00e1ndose como un referente en tecnolog\u00eda confiable y vanguardista en el Per\u00fa al 2030.<\/p>\t\t\t\t\t\t\t\t<\/div>\n\t\t\t\t<\/div>\n\t\t\t\t\t<\/div>\n\t\t\t\t<\/div>\n\t\t\t\t<\/div>\n\t\t","protected":false},"excerpt":{"rendered":"<p>\u00bfQui\u00e9nes somos? LevMarc.EIRL es una empresa especializada en la venta de tecnolog\u00edas de computaci\u00f3n, enfocada en brindar soluciones eficientes e innovadoras para empresas y profesionales. Nos adaptamos a las \u00faltimas tendencias del mercado, ofreciendo equipos de alto rendimiento, soporte t\u00e9cnico personalizado y asesor\u00eda tecnol\u00f3gica integral. Apostamos por la transformaci\u00f3n digital como motor del crecimiento empresarial. [&hellip;]<\/p>\n","protected":false},"author":1,"featured_media":0,"parent":0,"menu_order":0,"comment_status":"closed","ping_status":"closed","template":"","meta":{"footnotes":""},"class_list":["post-183","page","type-page","status-publish","hentry"],"jetpack_sharing_enabled":true,"_links":{"self":[{"href":"https:\/\/www.ctilevmarc.net.pe\/wp\/index.php?rest_route=\/wp\/v2\/pages\/183","targetHints":{"allow":["GET"]}}],"collection":[{"href":"https:\/\/www.ctilevmarc.net.pe\/wp\/index.php?rest_route=\/wp\/v2\/pages"}],"about":[{"href":"https:\/\/www.ctilevmarc.net.pe\/wp\/index.php?rest_route=\/wp\/v2\/types\/page"}],"author":[{"embeddable":true,"href":"https:\/\/www.ctilevmarc.net.pe\/wp\/index.php?rest_route=\/wp\/v2\/users\/1"}],"replies":[{"embeddable":true,"href":"https:\/\/www.ctilevmarc.net.pe\/wp\/index.php?rest_route=%2Fwp%2Fv2%2Fcomments&post=183"}],"version-history":[{"count":14,"href":"https:\/\/www.ctilevmarc.net.pe\/wp\/index.php?rest_route=\/wp\/v2\/pages\/183\/revisions"}],"predecessor-version":[{"id":237,"href":"https:\/\/www.ctilevmarc.net.pe\/wp\/index.php?rest_route=\/wp\/v2\/pages\/183\/revisions\/237"}],"wp:attachment":[{"href":"https:\/\/www.ctilevmarc.net.pe\/wp\/index.php?rest_route=%2Fwp%2Fv2%2Fmedia&parent=183"}],"curies":[{"name":"wp","href":"https:\/\/api.w.org\/{rel}","templated":true}]}}